{"id":349,"date":"2020-07-02T17:15:34","date_gmt":"2020-07-02T15:15:34","guid":{"rendered":"http:\/\/refrothrist.ch\/cms\/?page_id=349"},"modified":"2025-10-14T13:33:48","modified_gmt":"2025-10-14T11:33:48","slug":"eintritt","status":"publish","type":"page","link":"https:\/\/refrothrist.ch\/?page_id=349","title":{"rendered":"Eintritt"},"content":{"rendered":"\n<h4 class=\"wp-block-heading has-vivid-cyan-blue-color has-text-color\"><strong>Willkommen in der Kirche! &#8211; Wie treten Sie (wieder) in die Kirche ein?<\/strong><\/h4>\n\n\n<div class=\"wp-block-image\">\n<figure class=\"alignright size-large is-resized\"><img loading=\"lazy\" decoding=\"async\" width=\"160\" height=\"99\" src=\"https:\/\/refrothrist.ch\/wp-content\/uploads\/2020\/06\/Eintritt.jpg\" alt=\"\" class=\"wp-image-261\" style=\"width:219px;height:136px\"\/><\/figure>\n<\/div>\n\n\n<p>Hat Sie eine kirchliche Feier angesprochen oder gar ber\u00fchrt? Als Kirche sind wir f\u00fcr Sie, f\u00fcr die Menschen da \u2013 in jedem Lebensalter. Sollten Sie nicht mehr Mitglied unserer Kirche sein &#8211; Sie k\u00f6nnen es jederzeit wieder werden und solidarisch dazu beitragen, dass\u00a0wir ihren Dienst f\u00fcr Sie, f\u00fcr Ihr Dorf und f\u00fcr\u00a0unsere Gesellschaft leisten k\u00f6nnen.<br>Gilt das, was Sie damals zum Austritt bewogen hat, heute noch? <a href=\"https:\/\/refrothrist.ch\/?page_id=61\">W\u00fcrden Sie gerne mit jemandem dar\u00fcber reden?<\/a><br>Wenn Sie in die Reformierte Landeskirche eintreten m\u00f6chten, k\u00f6nnen Sie uns\u00a0eine einfache schriftliche Mitteilung (Brief) oder Sie wenden sich pers\u00f6nlich an unsere Angestellten.\u00a0Wir (Pfarramt oder Kirchenpflege) nehmen dann Kontakt mit Ihnen auf und vollziehen den Eintritt.<br><br>F\u00fcr Personen, die das 16. Lebensjahr noch nicht vollendet haben, k\u00f6nnen die Eltern den Eintritt schriftlich erkl\u00e4ren.<br><br>Je nach dem, wie Sie es w\u00fcnschen, kann der Eintritt bzw. die Aufnahme in die Kirche durch\u00a0unseren Pfarrer oder unsere Pfarrerin im kleinen, pers\u00f6nlichen Rahmen oder in einem Gottesdienst vollzogen werden. Wenn Sie noch nicht getauft sind, wird\u00a0unser Pfarrer oder\u00a0unsere Pfarrerin die M\u00f6glichkeit einer Taufe mit Ihnen besprechen.<\/p>\n","protected":false},"excerpt":{"rendered":"<p>Willkommen in der Kirche! &#8211; Wie treten Sie (wieder) in die Kirche ein? Hat Sie eine kirchliche Feier angesprochen oder gar ber\u00fchrt? Als Kirche sind wir f\u00fcr Sie, f\u00fcr die Menschen da \u2013 in jedem Lebensalter. Sollten Sie nicht mehr Mitglied unserer Kirche sein &#8211; Sie k\u00f6nnen es jederzeit wieder werden und solidarisch dazu beitragen, &hellip; <\/p>\n<p class=\"link-more\"><a href=\"https:\/\/refrothrist.ch\/?page_id=349\" class=\"more-link\"><span class=\"screen-reader-text\">\u201eEintritt\u201c<\/span> weiterlesen<\/a><\/p>\n","protected":false},"author":2,"featured_media":0,"parent":0,"menu_order":0,"comment_status":"closed","ping_status":"closed","template":"","meta":{"footnotes":""},"class_list":["post-349","page","type-page","status-publish","hentry"],"_links":{"self":[{"href":"https:\/\/refrothrist.ch\/index.php?rest_route=\/wp\/v2\/pages\/349","targetHints":{"allow":["GET"]}}],"collection":[{"href":"https:\/\/refrothrist.ch\/index.php?rest_route=\/wp\/v2\/pages"}],"about":[{"href":"https:\/\/refrothrist.ch\/index.php?rest_route=\/wp\/v2\/types\/page"}],"author":[{"embeddable":true,"href":"https:\/\/refrothrist.ch\/index.php?rest_route=\/wp\/v2\/users\/2"}],"replies":[{"embeddable":true,"href":"https:\/\/refrothrist.ch\/index.php?rest_route=%2Fwp%2Fv2%2Fcomments&post=349"}],"version-history":[{"count":3,"href":"https:\/\/refrothrist.ch\/index.php?rest_route=\/wp\/v2\/pages\/349\/revisions"}],"predecessor-version":[{"id":2821,"href":"https:\/\/refrothrist.ch\/index.php?rest_route=\/wp\/v2\/pages\/349\/revisions\/2821"}],"wp:attachment":[{"href":"https:\/\/refrothrist.ch\/index.php?rest_route=%2Fwp%2Fv2%2Fmedia&parent=349"}],"curies":[{"name":"wp","href":"https:\/\/api.w.org\/{rel}","templated":true}]}}