{"id":191,"date":"2020-06-20T12:08:23","date_gmt":"2020-06-20T10:08:23","guid":{"rendered":"http:\/\/refrothrist.ch\/cms\/?page_id=191"},"modified":"2026-01-20T16:08:39","modified_gmt":"2026-01-20T15:08:39","slug":"raeumlichkeiten","status":"publish","type":"page","link":"https:\/\/refrothrist.ch\/?page_id=191","title":{"rendered":"Raumangebot"},"content":{"rendered":"\n<h4 class=\"wp-block-heading has-vivid-cyan-blue-color has-text-color\">Reformierte Kirche Rothrist<\/h4>\n\n\n\n<figure class=\"wp-block-image size-large is-resized\"><img loading=\"lazy\" decoding=\"async\" width=\"1024\" height=\"921\" src=\"https:\/\/refrothrist.ch\/wp-content\/uploads\/2020\/06\/refkircherothrist-1024x921.jpg\" alt=\"\" class=\"wp-image-268\" style=\"width:653px;height:587px\" srcset=\"https:\/\/refrothrist.ch\/wp-content\/uploads\/2020\/06\/refkircherothrist-1024x921.jpg 1024w, https:\/\/refrothrist.ch\/wp-content\/uploads\/2020\/06\/refkircherothrist-300x270.jpg 300w, https:\/\/refrothrist.ch\/wp-content\/uploads\/2020\/06\/refkircherothrist-768x691.jpg 768w, https:\/\/refrothrist.ch\/wp-content\/uploads\/2020\/06\/refkircherothrist-1536x1381.jpg 1536w, https:\/\/refrothrist.ch\/wp-content\/uploads\/2020\/06\/refkircherothrist-2048x1841.jpg 2048w\" sizes=\"auto, (max-width: 767px) 89vw, (max-width: 1000px) 54vw, (max-width: 1071px) 543px, 580px\" \/><\/figure>\n\n\n\n<p>Die Gemeinde Niederwyl geh\u00f6rte bis 1715 zur Kirchgemeinde Zofingen. Maritz Bossardt, der erste Pfarrer, stiftete die Kirche und das Pfarrhaus nach den \u00dcberlieferungen zum Ged\u00e4chtnis der zweiten Schlacht bei Villmergen. Das in schlichtem Barock erbaute Gotteshaus trug bis 1899 einen Dachreiter mit drei Glocken. Wappenscheiben von 1714 und 1867. In den Jahren 1821, 1900 und 1972 wurden Kirchenorgel&nbsp;erbaut, 1900 der Turm mit 5 Glocken. Renovation 1922, 1949, 1972, 1990 und 2018.<br>\u201eDie heilige christliche Kirche, deren einig Haupt Christus ist, ist uss dem Wort Gottes geboren im Leben blybt sy und h\u00f6ret nit die Stimme eines Fr\u00f6mden.\u201c Schlussrede des Berner Synodus von 1828.<br>Kirche und Pfarrhaus stehen unter Denkmalschutz.<\/p>\n\n\n\n<figure class=\"wp-block-gallery has-nested-images columns-default is-cropped wp-block-gallery-1 is-layout-flex wp-block-gallery-is-layout-flex\">\n<figure class=\"wp-block-image size-large\"><img loading=\"lazy\" decoding=\"async\" width=\"1024\" height=\"768\" data-id=\"402\" src=\"https:\/\/refrothrist.ch\/wp-content\/uploads\/2020\/07\/image4-1024x768.jpeg\" alt=\"\" class=\"wp-image-402\" srcset=\"https:\/\/refrothrist.ch\/wp-content\/uploads\/2020\/07\/image4-1024x768.jpeg 1024w, https:\/\/refrothrist.ch\/wp-content\/uploads\/2020\/07\/image4-300x225.jpeg 300w, https:\/\/refrothrist.ch\/wp-content\/uploads\/2020\/07\/image4-768x576.jpeg 768w, https:\/\/refrothrist.ch\/wp-content\/uploads\/2020\/07\/image4-1536x1152.jpeg 1536w, https:\/\/refrothrist.ch\/wp-content\/uploads\/2020\/07\/image4.jpeg 2016w\" sizes=\"auto, (max-width: 767px) 89vw, (max-width: 1000px) 54vw, (max-width: 1071px) 543px, 580px\" \/><figcaption class=\"wp-element-caption\">Chor mit Altar<\/figcaption><\/figure>\n\n\n\n<figure class=\"wp-block-image size-large\"><img loading=\"lazy\" decoding=\"async\" width=\"768\" height=\"1024\" data-id=\"403\" src=\"https:\/\/refrothrist.ch\/wp-content\/uploads\/2020\/07\/image5-768x1024.jpeg\" alt=\"\" class=\"wp-image-403\" srcset=\"https:\/\/refrothrist.ch\/wp-content\/uploads\/2020\/07\/image5-768x1024.jpeg 768w, https:\/\/refrothrist.ch\/wp-content\/uploads\/2020\/07\/image5-225x300.jpeg 225w, https:\/\/refrothrist.ch\/wp-content\/uploads\/2020\/07\/image5-1152x1536.jpeg 1152w, https:\/\/refrothrist.ch\/wp-content\/uploads\/2020\/07\/image5.jpeg 1439w\" sizes=\"auto, (max-width: 767px) 89vw, (max-width: 1000px) 54vw, (max-width: 1071px) 543px, 580px\" \/><\/figure>\n\n\n\n<figure class=\"wp-block-image size-large\"><img loading=\"lazy\" decoding=\"async\" width=\"768\" height=\"1024\" data-id=\"401\" src=\"https:\/\/refrothrist.ch\/wp-content\/uploads\/2020\/07\/image3-768x1024.jpeg\" alt=\"\" class=\"wp-image-401\" srcset=\"https:\/\/refrothrist.ch\/wp-content\/uploads\/2020\/07\/image3-768x1024.jpeg 768w, https:\/\/refrothrist.ch\/wp-content\/uploads\/2020\/07\/image3-225x300.jpeg 225w, https:\/\/refrothrist.ch\/wp-content\/uploads\/2020\/07\/image3-1152x1536.jpeg 1152w, https:\/\/refrothrist.ch\/wp-content\/uploads\/2020\/07\/image3.jpeg 1512w\" sizes=\"auto, (max-width: 767px) 89vw, (max-width: 1000px) 54vw, (max-width: 1071px) 543px, 580px\" \/><figcaption class=\"wp-element-caption\">Glasmalerei im Chor<\/figcaption><\/figure>\n\n\n\n<figure class=\"wp-block-image size-large\"><img loading=\"lazy\" decoding=\"async\" width=\"768\" height=\"1024\" data-id=\"400\" src=\"https:\/\/refrothrist.ch\/wp-content\/uploads\/2020\/07\/image2-768x1024.jpeg\" alt=\"\" class=\"wp-image-400\" srcset=\"https:\/\/refrothrist.ch\/wp-content\/uploads\/2020\/07\/image2-768x1024.jpeg 768w, https:\/\/refrothrist.ch\/wp-content\/uploads\/2020\/07\/image2-225x300.jpeg 225w, https:\/\/refrothrist.ch\/wp-content\/uploads\/2020\/07\/image2-1152x1536.jpeg 1152w, https:\/\/refrothrist.ch\/wp-content\/uploads\/2020\/07\/image2.jpeg 1512w\" sizes=\"auto, (max-width: 767px) 89vw, (max-width: 1000px) 54vw, (max-width: 1071px) 543px, 580px\" \/><figcaption class=\"wp-element-caption\">Glasmalerei im Chor<\/figcaption><\/figure>\n\n\n\n<figure class=\"wp-block-image size-large\"><img loading=\"lazy\" decoding=\"async\" width=\"768\" height=\"1024\" data-id=\"399\" src=\"https:\/\/refrothrist.ch\/wp-content\/uploads\/2020\/07\/image1-768x1024.jpeg\" alt=\"\" class=\"wp-image-399\" srcset=\"https:\/\/refrothrist.ch\/wp-content\/uploads\/2020\/07\/image1-768x1024.jpeg 768w, https:\/\/refrothrist.ch\/wp-content\/uploads\/2020\/07\/image1-225x300.jpeg 225w, https:\/\/refrothrist.ch\/wp-content\/uploads\/2020\/07\/image1-1152x1536.jpeg 1152w, https:\/\/refrothrist.ch\/wp-content\/uploads\/2020\/07\/image1.jpeg 1512w\" sizes=\"auto, (max-width: 767px) 89vw, (max-width: 1000px) 54vw, (max-width: 1071px) 543px, 580px\" \/><figcaption class=\"wp-element-caption\">Glasmalerei im Chor<\/figcaption><\/figure>\n\n\n\n<figure class=\"wp-block-image size-large\"><img loading=\"lazy\" decoding=\"async\" width=\"1024\" height=\"768\" data-id=\"398\" src=\"https:\/\/refrothrist.ch\/wp-content\/uploads\/2020\/07\/image0-1024x768.jpeg\" alt=\"\" class=\"wp-image-398\" srcset=\"https:\/\/refrothrist.ch\/wp-content\/uploads\/2020\/07\/image0-1024x768.jpeg 1024w, https:\/\/refrothrist.ch\/wp-content\/uploads\/2020\/07\/image0-300x225.jpeg 300w, https:\/\/refrothrist.ch\/wp-content\/uploads\/2020\/07\/image0-768x576.jpeg 768w, https:\/\/refrothrist.ch\/wp-content\/uploads\/2020\/07\/image0-1536x1152.jpeg 1536w, https:\/\/refrothrist.ch\/wp-content\/uploads\/2020\/07\/image0.jpeg 2016w\" sizes=\"auto, (max-width: 767px) 89vw, (max-width: 1000px) 54vw, (max-width: 1071px) 543px, 580px\" \/><figcaption class=\"wp-element-caption\">Unser Vater<\/figcaption><\/figure>\n<\/figure>\n\n\n\n<p><strong>Benutzungsreglement und Formular:<\/strong><\/p>\n\n\n\n<div class=\"wp-block-file\"><a id=\"wp-block-file--media-7b454852-7d43-4ce9-af9f-96fc6c53bd7f\" href=\"https:\/\/refrothrist.ch\/wp-content\/uploads\/2023\/02\/Benuetzungsreglement-Kirche-2023.pdf\">Benuetzungsreglement-Kirche-2023<\/a><a href=\"https:\/\/refrothrist.ch\/wp-content\/uploads\/2023\/02\/Benuetzungsreglement-Kirche-2023.pdf\" class=\"wp-block-file__button wp-element-button\" download aria-describedby=\"wp-block-file--media-7b454852-7d43-4ce9-af9f-96fc6c53bd7f\">Herunterladen<\/a><\/div>\n\n\n\n<div class=\"wp-block-file\"><a id=\"wp-block-file--media-5a022872-d87d-49c0-8300-93dabefb4de8\" href=\"https:\/\/refrothrist.ch\/wp-content\/uploads\/2026\/01\/3_Formular-Benuetzung-Kirche.docx_suj.pdf\">Formular Ben\u00fctzung Kirche<\/a><a href=\"https:\/\/refrothrist.ch\/wp-content\/uploads\/2026\/01\/3_Formular-Benuetzung-Kirche.docx_suj.pdf\" class=\"wp-block-file__button wp-element-button\" download aria-describedby=\"wp-block-file--media-5a022872-d87d-49c0-8300-93dabefb4de8\">Herunterladen<\/a><\/div>\n\n\n\n<div class=\"wp-block-group is-nowrap is-layout-flex wp-container-core-group-is-layout-ad2f72ca wp-block-group-is-layout-flex\"><\/div>\n\n\n\n<hr class=\"wp-block-separator has-alpha-channel-opacity\"\/>\n\n\n\n<hr class=\"wp-block-separator has-text-color has-vivid-cyan-blue-color has-alpha-channel-opacity has-vivid-cyan-blue-background-color has-background\"\/>\n\n\n\n<div class=\"wp-block-group is-nowrap is-layout-flex wp-container-core-group-is-layout-ad2f72ca wp-block-group-is-layout-flex\"><\/div>\n\n\n\n<h4 class=\"wp-block-heading has-vivid-cyan-blue-color has-text-color\">Reformiertes Kirchgemeindehaus<\/h4>\n\n\n\n<p>Im April 1956 wurde das neu erstellt Kirchgemeindehaus (KGH) mit angebautem Pfarrhaus am Geisshubelweg seiner Bestimmung \u00fcbergeben. Im Laufe des Jahres finden viele Veranstaltungen im KGH statt, die das kirchliche und kulturelle Leben in unserer Gemeinde beleben.<br>1996 wurde das KGH renoviert und zum Teil vergr\u00f6ssert. Im Haus befindet sich das B\u00fcro des Sekretariats und des diak. Mitarbeiters. Das KGH mit der gut eingerichteten K\u00fcche kann auch gemietet werden. Konzertbestuhlung im Saal 160 Pl\u00e4tze, im Schulzimmer (mit mobiler Trennwand zum Saal) ca. 60 Pl\u00e4tze. Tische im Saal: 5 Reihen mit 19 Tischen \u00e0 6 Pl\u00e4tze = 114 Pl\u00e4tze. Tische im Schulzimmer mit ca. 30 &#8211; 40 Pl\u00e4tzen.<\/p>\n\n\n\n<p><strong>Benutzungsreglement und Formular:<\/strong><\/p>\n\n\n\n<div class=\"wp-block-file\"><a id=\"wp-block-file--media-cf52b4dd-8a35-41a9-9ffc-af2e5d5c0668\" href=\"https:\/\/refrothrist.ch\/wp-content\/uploads\/2025\/09\/Benuetzungsreglement-KGH_2023.pdf\">Ben\u00fctzungsreglement KGH_2023<\/a><a href=\"https:\/\/refrothrist.ch\/wp-content\/uploads\/2025\/09\/Benuetzungsreglement-KGH_2023.pdf\" class=\"wp-block-file__button wp-element-button\" download aria-describedby=\"wp-block-file--media-cf52b4dd-8a35-41a9-9ffc-af2e5d5c0668\">Herunterladen<\/a><\/div>\n\n\n\n<div class=\"wp-block-file\"><a id=\"wp-block-file--media-fa23da8f-448f-45ec-b844-d4cbe710207b\" href=\"https:\/\/refrothrist.ch\/wp-content\/uploads\/2026\/01\/1_Formular-Benuetzung-Kirchgemeindehaus.doc_suj.pdf\">Formular Ben\u00fctzung Kirchgemeindehaus<\/a><a href=\"https:\/\/refrothrist.ch\/wp-content\/uploads\/2026\/01\/1_Formular-Benuetzung-Kirchgemeindehaus.doc_suj.pdf\" class=\"wp-block-file__button wp-element-button\" download aria-describedby=\"wp-block-file--media-fa23da8f-448f-45ec-b844-d4cbe710207b\">Herunterladen<\/a><\/div>\n\n\n\n<hr class=\"wp-block-separator has-alpha-channel-opacity\"\/>\n\n\n\n<div class=\"wp-block-group is-nowrap is-layout-flex wp-container-core-group-is-layout-ad2f72ca wp-block-group-is-layout-flex\"><\/div>\n\n\n\n<hr class=\"wp-block-separator has-text-color has-vivid-cyan-blue-color has-alpha-channel-opacity has-vivid-cyan-blue-background-color has-background\"\/>\n\n\n\n<p><\/p>\n\n\n\n<h4 class=\"wp-block-heading has-vivid-cyan-blue-color has-text-color\">Blaukreuzhaus<\/h4>\n\n\n\n<p>Das 1904 erbaute Blaukreuzhaus in der N\u00e4he der Kirche wurde 2003 vom Blaukreuzverein der Kirchgemeinde geschenkt. Nach der Renovation steht das Haus&nbsp;seit Sp\u00e4tsommer 2004 verschiedenen Anl\u00e4ssen zur Verf\u00fcgung. Das Haus kann auch gemietet werden. Das Haus bietet Platz&nbsp;f\u00fcr max.&nbsp;60 Personen.<\/p>\n\n\n\n<figure class=\"wp-block-gallery has-nested-images columns-default is-cropped wp-block-gallery-2 is-layout-flex wp-block-gallery-is-layout-flex\">\n<figure class=\"wp-block-image size-large\"><img loading=\"lazy\" decoding=\"async\" width=\"1024\" height=\"768\" data-id=\"494\" src=\"https:\/\/refrothrist.ch\/wp-content\/uploads\/2020\/08\/blaukreuzhaus2-1024x768.jpg\" alt=\"\" class=\"wp-image-494\" srcset=\"https:\/\/refrothrist.ch\/wp-content\/uploads\/2020\/08\/blaukreuzhaus2-1024x768.jpg 1024w, https:\/\/refrothrist.ch\/wp-content\/uploads\/2020\/08\/blaukreuzhaus2-300x225.jpg 300w, https:\/\/refrothrist.ch\/wp-content\/uploads\/2020\/08\/blaukreuzhaus2-768x576.jpg 768w, https:\/\/refrothrist.ch\/wp-content\/uploads\/2020\/08\/blaukreuzhaus2-1536x1152.jpg 1536w, https:\/\/refrothrist.ch\/wp-content\/uploads\/2020\/08\/blaukreuzhaus2.jpg 2016w\" sizes=\"auto, (max-width: 767px) 89vw, (max-width: 1000px) 54vw, (max-width: 1071px) 543px, 580px\" \/><figcaption class=\"wp-element-caption\">Blaukreuzhaus-Saal<\/figcaption><\/figure>\n\n\n\n<figure class=\"wp-block-image size-large\"><img loading=\"lazy\" decoding=\"async\" width=\"1024\" height=\"768\" data-id=\"493\" src=\"https:\/\/refrothrist.ch\/wp-content\/uploads\/2020\/08\/blaukreuzhaus1-1024x768.jpeg\" alt=\"\" class=\"wp-image-493\" srcset=\"https:\/\/refrothrist.ch\/wp-content\/uploads\/2020\/08\/blaukreuzhaus1-1024x768.jpeg 1024w, https:\/\/refrothrist.ch\/wp-content\/uploads\/2020\/08\/blaukreuzhaus1-300x225.jpeg 300w, https:\/\/refrothrist.ch\/wp-content\/uploads\/2020\/08\/blaukreuzhaus1-768x576.jpeg 768w, https:\/\/refrothrist.ch\/wp-content\/uploads\/2020\/08\/blaukreuzhaus1-1536x1152.jpeg 1536w, https:\/\/refrothrist.ch\/wp-content\/uploads\/2020\/08\/blaukreuzhaus1.jpeg 2016w\" sizes=\"auto, (max-width: 767px) 89vw, (max-width: 1000px) 54vw, (max-width: 1071px) 543px, 580px\" \/><figcaption class=\"wp-element-caption\">Blaukreuzhaus-K\u00fcche<\/figcaption><\/figure>\n\n\n\n<figure class=\"wp-block-image size-large\"><img loading=\"lazy\" decoding=\"async\" width=\"1024\" height=\"768\" data-id=\"492\" src=\"https:\/\/refrothrist.ch\/wp-content\/uploads\/2020\/08\/blaukreuzhaus3-1024x768.jpeg\" alt=\"\" class=\"wp-image-492\" srcset=\"https:\/\/refrothrist.ch\/wp-content\/uploads\/2020\/08\/blaukreuzhaus3-1024x768.jpeg 1024w, https:\/\/refrothrist.ch\/wp-content\/uploads\/2020\/08\/blaukreuzhaus3-300x225.jpeg 300w, https:\/\/refrothrist.ch\/wp-content\/uploads\/2020\/08\/blaukreuzhaus3-768x576.jpeg 768w, https:\/\/refrothrist.ch\/wp-content\/uploads\/2020\/08\/blaukreuzhaus3-1536x1152.jpeg 1536w, https:\/\/refrothrist.ch\/wp-content\/uploads\/2020\/08\/blaukreuzhaus3.jpeg 2016w\" sizes=\"auto, (max-width: 767px) 89vw, (max-width: 1000px) 54vw, (max-width: 1071px) 543px, 580px\" \/><figcaption class=\"wp-element-caption\">Blaukreuzhaus-Saal<\/figcaption><\/figure>\n<\/figure>\n\n\n\n<p><strong>Benutzungsreglement und Formular:<\/strong><\/p>\n\n\n\n<div class=\"wp-block-file has-white-background-color has-background\"><a id=\"wp-block-file--media-f482a475-2c1f-40e4-82c6-10ed762d1786\" href=\"https:\/\/refrothrist.ch\/wp-content\/uploads\/2023\/02\/Benuetzungsreglement_Blaukreuzhaus_2023.pdf\">Benuetzungsreglement Blaukreuzhaus 2023<\/a><a href=\"https:\/\/refrothrist.ch\/wp-content\/uploads\/2023\/02\/Benuetzungsreglement_Blaukreuzhaus_2023.pdf\" class=\"wp-block-file__button wp-element-button\" download aria-describedby=\"wp-block-file--media-f482a475-2c1f-40e4-82c6-10ed762d1786\">Herunterladen<\/a><\/div>\n\n\n\n<div class=\"wp-block-file\"><a id=\"wp-block-file--media-f2d54887-cc71-4580-92cf-4f2970fdfb99\" href=\"https:\/\/refrothrist.ch\/wp-content\/uploads\/2026\/01\/2_Formular-Benuetzung-Blaukreuzhaus.docx_suj.pdf\">Formular Ben\u00fctzung Blaukreuzhaus  <\/a><a href=\"https:\/\/refrothrist.ch\/wp-content\/uploads\/2026\/01\/2_Formular-Benuetzung-Blaukreuzhaus.docx_suj.pdf\" class=\"wp-block-file__button wp-element-button\" download aria-describedby=\"wp-block-file--media-f2d54887-cc71-4580-92cf-4f2970fdfb99\">Herunterladen<\/a><\/div>\n\n\n\n<hr class=\"wp-block-separator has-alpha-channel-opacity\"\/>\n\n\n\n<div class=\"wp-block-group is-nowrap is-layout-flex wp-container-core-group-is-layout-ad2f72ca wp-block-group-is-layout-flex\"><\/div>\n\n\n\n<hr class=\"wp-block-separator has-text-color has-vivid-cyan-blue-color has-alpha-channel-opacity has-vivid-cyan-blue-background-color has-background\"\/>\n\n\n\n<p><\/p>\n\n\n\n<h4 class=\"wp-block-heading has-vivid-cyan-blue-color has-text-color\">R\u00e4umlichkeiten mieten<\/h4>\n\n\n\n<p>F\u00fcr Reservationen und weitere Informationen wenden Sie sich bitte an unser <a href=\"https:\/\/refrothrist.ch\/?page_id=314\">Sekretariat<\/a> (Mo. + Mi. 8.30 &#8211; 11.30 Uhr \/ Di. 8.30 &#8211; 11.30 | 13.30 &#8211; 17.00 Uhr).<\/p>\n\n\n\n<div class=\"wp-block-file\"><a id=\"wp-block-file--media-1e11a57f-9127-4f8c-9393-bccb364c9b0a\" href=\"https:\/\/refrothrist.ch\/wp-content\/uploads\/2023\/02\/Gebaeude-und-Areal-Vergabe-Richtlinien-2023.pdf\">Gebaeude-und-Areal-Vergabe-Richtlinien-2023<\/a><a href=\"https:\/\/refrothrist.ch\/wp-content\/uploads\/2023\/02\/Gebaeude-und-Areal-Vergabe-Richtlinien-2023.pdf\" class=\"wp-block-file__button wp-element-button\" download aria-describedby=\"wp-block-file--media-1e11a57f-9127-4f8c-9393-bccb364c9b0a\">Herunterladen<\/a><\/div>\n\n\n\n<p><\/p>\n","protected":false},"excerpt":{"rendered":"<p>Reformierte Kirche Rothrist Die Gemeinde Niederwyl geh\u00f6rte bis 1715 zur Kirchgemeinde Zofingen. Maritz Bossardt, der erste Pfarrer, stiftete die Kirche und das Pfarrhaus nach den \u00dcberlieferungen zum Ged\u00e4chtnis der zweiten Schlacht bei Villmergen. Das in schlichtem Barock erbaute Gotteshaus trug bis 1899 einen Dachreiter mit drei Glocken. Wappenscheiben von 1714 und 1867. In den Jahren &hellip; <\/p>\n<p class=\"link-more\"><a href=\"https:\/\/refrothrist.ch\/?page_id=191\" class=\"more-link\"><span class=\"screen-reader-text\">\u201eRaumangebot\u201c<\/span> weiterlesen<\/a><\/p>\n","protected":false},"author":2,"featured_media":0,"parent":0,"menu_order":0,"comment_status":"closed","ping_status":"closed","template":"","meta":{"footnotes":""},"class_list":["post-191","page","type-page","status-publish","hentry"],"_links":{"self":[{"href":"https:\/\/refrothrist.ch\/index.php?rest_route=\/wp\/v2\/pages\/191","targetHints":{"allow":["GET"]}}],"collection":[{"href":"https:\/\/refrothrist.ch\/index.php?rest_route=\/wp\/v2\/pages"}],"about":[{"href":"https:\/\/refrothrist.ch\/index.php?rest_route=\/wp\/v2\/types\/page"}],"author":[{"embeddable":true,"href":"https:\/\/refrothrist.ch\/index.php?rest_route=\/wp\/v2\/users\/2"}],"replies":[{"embeddable":true,"href":"https:\/\/refrothrist.ch\/index.php?rest_route=%2Fwp%2Fv2%2Fcomments&post=191"}],"version-history":[{"count":38,"href":"https:\/\/refrothrist.ch\/index.php?rest_route=\/wp\/v2\/pages\/191\/revisions"}],"predecessor-version":[{"id":3036,"href":"https:\/\/refrothrist.ch\/index.php?rest_route=\/wp\/v2\/pages\/191\/revisions\/3036"}],"wp:attachment":[{"href":"https:\/\/refrothrist.ch\/index.php?rest_route=%2Fwp%2Fv2%2Fmedia&parent=191"}],"curies":[{"name":"wp","href":"https:\/\/api.w.org\/{rel}","templated":true}]}}